{"id":840,"date":"2015-05-28T11:09:19","date_gmt":"2015-05-28T11:09:19","guid":{"rendered":"http:\/\/rangarvellir.ru.is\/?page_id=840"},"modified":"2015-05-28T16:33:46","modified_gmt":"2015-05-28T16:33:46","slug":"municipality-informations","status":"publish","type":"page","link":"https:\/\/rangarvellir.ru.is\/?page_id=840","title":{"rendered":"Municipality informations"},"content":{"rendered":"<p><strong>Municipality of Rang\u00e1r\u00feing ytra :\u00a0<\/strong><a href=\"http:\/\/www.ry.is\/\">http:\/\/www.ry.is\/<\/a><\/p>\n<p><img decoding=\"async\" class=\"aligncenter\" alt=\"\" src=\"http:\/\/www.south.is\/static\/toy\/images\/Com_288_1___Selected.jpg\" width=\"50%\" height=\"500\" \/><\/p>\n<p style=\"text-align: center;\"><em>Hella\u00a0(Source: <a href=\"http:\/\/www.south.is\/is\/south\/town\/hella\">www.south.is<\/a>)<\/em><\/p>\n<p><strong>Hella (largest settlement) : <\/strong>Rang\u00e1r\u00feing ytra er v\u00ed\u00f0fe\u00f0mt sveitarf\u00e9lag me\u00f0 1545 \u00edb\u00faa(\u00e1ri\u00f0 2011). M\u00f6rk \u00feess afmarkast a\u00f0 mestu af \u00dej\u00f3rs\u00e1 a\u00f0 vestan, vatnaskilum a\u00f0 nor\u00f0an a\u00f0 Vatnaj\u00f6kli og Tungna\u00e1. A\u00f0 sunnan fylgja m\u00f6rkin M\u00fdrdalsj\u00f6kli a\u00f0 Eystri-Rang\u00e1. Rang\u00e1r\u00feing ytra er miki\u00f0 landb\u00fana\u00f0arh\u00e9ra\u00f0 og hestamennska stundu\u00f0 \u00ed miklu m\u00e6li. \u00cd sveitarf\u00e9laginu eru margar \u00feekktar n\u00e1tt\u00faruperlur eins og Hekla og Landmannalaugar auk margra annarra \u00e1hugaver\u00f0ra sta\u00f0a m.a. s\u00f6gusta\u00f0a allt fr\u00e1 Landn\u00e1ms\u00f6ld. Hella er helsti \u00fe\u00e9ttb\u00fdlis- og atvinnukjarni sveitarf\u00e9lagsins me\u00f0 781 \u00edb\u00faa(\u00e1ri\u00f0 2011). \u00c1 Hellu byggist atvinnul\u00edfi\u00f0 a\u00f0 mestu \u00e1 \u00fej\u00f3nustu vi\u00f0 landb\u00fana\u00f0inn auk \u00fej\u00f3nustu vi\u00f0 \u00edb\u00faa sv\u00e6\u00f0isins og fer\u00f0amenn. \u00c1 Hellu er banki, p\u00f3sth\u00fas, uppl\u00fdsingami\u00f0st\u00f6\u00f0 fyrir fer\u00f0amenn, h\u00f3tel, gistiheimili, sumarh\u00fas, tjaldsv\u00e6\u00f0i, veitingah\u00fas, verslanir, ap\u00f3tek, heilsug\u00e6slust\u00f6\u00f0, sl\u00e1turh\u00fas, bifv\u00e9laverkst\u00e6\u00f0i, hj\u00f3lbar\u00f0averkst\u00e6\u00f0i, bens\u00ednst\u00f6\u00f0 auk margs konar atvinnureksturs og opinberrar \u00fej\u00f3nustu.<br \/>\n(Source: <a href=\"http:\/\/www.south.is\/is\/south\/town\/hella\">http:\/\/www.south.is\/is\/south\/town\/hella<\/a>)<\/p>\n<p style=\"text-align: center;\"><iframe loading=\"lazy\" src=\"https:\/\/rangarvellir.ru.is\/wp-content\/uploads\/leaflet\/municipality.html\" height=\"400\" width=\"100%\"><\/iframe><br \/>\n<em>Boundary of the Rang\u00e1r\u00feing ytra municipality<br \/>\n(Source from <a title=\"Other data from LMI\" href=\"https:\/\/rangarvellir.ru.is\/?page_id=694\">LMI<\/a>)<br \/>\n<\/em><\/p>\n","protected":false},"excerpt":{"rendered":"<p>Municipality of Rang\u00e1r\u00feing ytra :\u00a0http:\/\/www.ry.is\/ Hella\u00a0(Source: www.south.is) Hella (largest settlement) : Rang\u00e1r\u00feing ytra er v\u00ed\u00f0fe\u00f0mt sveitarf\u00e9lag me\u00f0 1545 \u00edb\u00faa(\u00e1ri\u00f0 2011). M\u00f6rk \u00feess afmarkast a\u00f0 mestu af \u00dej\u00f3rs\u00e1 a\u00f0 vestan, vatnaskilum a\u00f0 nor\u00f0an a\u00f0 Vatnaj\u00f6kli og Tungna\u00e1. A\u00f0 sunnan fylgja m\u00f6rkin M\u00fdrdalsj\u00f6kli a\u00f0 Eystri-Rang\u00e1. Rang\u00e1r\u00feing ytra er miki\u00f0 landb\u00fana\u00f0arh\u00e9ra\u00f0 og hestamennska stundu\u00f0 \u00ed miklu m\u00e6li. \u00cd [&hellip;]<\/p>\n","protected":false},"author":1,"featured_media":0,"parent":0,"menu_order":0,"comment_status":"closed","ping_status":"open","template":"page-templates\/full-width.php","meta":{"footnotes":""},"class_list":["post-840","page","type-page","status-publish","hentry"],"_links":{"self":[{"href":"https:\/\/rangarvellir.ru.is\/index.php?rest_route=\/wp\/v2\/pages\/840"}],"collection":[{"href":"https:\/\/rangarvellir.ru.is\/index.php?rest_route=\/wp\/v2\/pages"}],"about":[{"href":"https:\/\/rangarvellir.ru.is\/index.php?rest_route=\/wp\/v2\/types\/page"}],"author":[{"embeddable":true,"href":"https:\/\/rangarvellir.ru.is\/index.php?rest_route=\/wp\/v2\/users\/1"}],"replies":[{"embeddable":true,"href":"https:\/\/rangarvellir.ru.is\/index.php?rest_route=%2Fwp%2Fv2%2Fcomments&post=840"}],"version-history":[{"count":13,"href":"https:\/\/rangarvellir.ru.is\/index.php?rest_route=\/wp\/v2\/pages\/840\/revisions"}],"predecessor-version":[{"id":872,"href":"https:\/\/rangarvellir.ru.is\/index.php?rest_route=\/wp\/v2\/pages\/840\/revisions\/872"}],"wp:attachment":[{"href":"https:\/\/rangarvellir.ru.is\/index.php?rest_route=%2Fwp%2Fv2%2Fmedia&parent=840"}],"curies":[{"name":"wp","href":"https:\/\/api.w.org\/{rel}","templated":true}]}}