{"id":755,"date":"2015-05-26T17:21:34","date_gmt":"2015-05-26T17:21:34","guid":{"rendered":"http:\/\/rangarvellir.ru.is\/?page_id=755"},"modified":"2015-05-26T17:21:40","modified_gmt":"2015-05-26T17:21:40","slug":"tectonics","status":"publish","type":"page","link":"https:\/\/rangarvellir.ru.is\/?page_id=755","title":{"rendered":"Tectonics"},"content":{"rendered":"<p><img decoding=\"async\" class=\"aligncenter\" alt=\"\" src=\"http:\/\/en.ni.is\/media\/midlunogthjonusta\/utgafa\/utgafa_kort\/ni600r_Hoggunarkort_2009_200_1500x1041.jpg\" width=\"75%\" height=\"500\" \/><\/p>\n<p>[table width=&#8221;100%&#8221; colwidth=&#8221;30%|70%&#8221;]<br \/>\n<strong>METADATA LANGUAGE<\/strong>, Icelandic<br \/>\n<strong>DATA MAKER<\/strong>, The Icelandic Institute of Natural History ~~ <a href=\"http:\/\/www.ni.is\/\">www.ni.is<\/a><br \/>\n<strong>DATE OF CREATION<\/strong>, Revised edition 2009\\, 1st edition<br \/>\n<strong>REPRESENTATION TYPE<\/strong>, Vector (SHP)<br \/>\n<strong>SPATIAL RESOLUTION<\/strong>, 1:600.000<br \/>\n<strong>SPATIAL EXTENT<\/strong>, All country<br \/>\n<strong>ABSTRACT<\/strong>, This tectonic map illustrates the geology of Iceland in an innovative manner. Bedrock is classified by age but not type or composition. The map shows the position of volcanic systems\\, i.e.\\, central volcanoes\\, dyke and fault swarms and fissure swarms\\, both active and extinct. The map also outlines fracture zones and bedrock dips. ~~<br \/>\n<img decoding=\"async\" class=\"aligncenter\" alt=\"\" src=\"http:\/\/www.ni.is\/media\/midlunogthjonusta\/utgafa\/utgafa_kort\/jarhogg500_skyringar.jpg\" width=\"75%\" height=\"500\" \/><br \/>\n<strong>LEGAL CONSTRAINTS<\/strong>, <a href=\"http:\/\/www.ni.is\/media\/stofnunin\/stof_annad\/Leyfi-fyrir-gjaldfrals-NI-gogn_Almennir-skilmalar_20131121.pdf\">S\u00e6kja skilm\u00e1la \u00e1 pdf sni\u00f0m\u00e1ti.<\/a> ~~ <a href=\"http:\/\/www.ni.is\/media\/stofnunin\/stof_annad\/License-for-use-of-free-IINH-data_General-terms_20131121.pdf\">General Terms. English.<\/a><br \/>\n<strong>CONTACT<\/strong>, Haukur J\u00f3hannesson and Kristj\u00e1n S\u00e6mundsson<br \/>\n<strong>DATA SOURCE<\/strong>, <a href=\"http:\/\/en.ni.is\/geology\/geological-maps\/maps-geology-600000\">English version<\/a> ~~ <a href=\"http:\/\/www.ni.is\/jardfraedi\/jardfraedikort\/jardfraedikort1:600000\">Icelandic version<\/a><br \/>\n<strong>GIS LAYER<\/strong>, <a href=\"http:\/\/atlas.lmi.is\/NI_Data\/\">From LMI<\/a><br \/>\n[\/table]<\/p>\n","protected":false},"excerpt":{"rendered":"<p>[table width=&#8221;100%&#8221; colwidth=&#8221;30%|70%&#8221;] METADATA LANGUAGE, Icelandic DATA MAKER, The Icelandic Institute of Natural History ~~ www.ni.is DATE OF CREATION, Revised edition 2009\\, 1st edition REPRESENTATION TYPE, Vector (SHP) SPATIAL RESOLUTION, 1:600.000 SPATIAL EXTENT, All country ABSTRACT, This tectonic map illustrates the geology of Iceland in an innovative manner. Bedrock is classified by age but not [&hellip;]<\/p>\n","protected":false},"author":1,"featured_media":0,"parent":0,"menu_order":0,"comment_status":"closed","ping_status":"open","template":"page-templates\/full-width.php","meta":{"footnotes":""},"class_list":["post-755","page","type-page","status-publish","hentry"],"_links":{"self":[{"href":"https:\/\/rangarvellir.ru.is\/index.php?rest_route=\/wp\/v2\/pages\/755"}],"collection":[{"href":"https:\/\/rangarvellir.ru.is\/index.php?rest_route=\/wp\/v2\/pages"}],"about":[{"href":"https:\/\/rangarvellir.ru.is\/index.php?rest_route=\/wp\/v2\/types\/page"}],"author":[{"embeddable":true,"href":"https:\/\/rangarvellir.ru.is\/index.php?rest_route=\/wp\/v2\/users\/1"}],"replies":[{"embeddable":true,"href":"https:\/\/rangarvellir.ru.is\/index.php?rest_route=%2Fwp%2Fv2%2Fcomments&post=755"}],"version-history":[{"count":1,"href":"https:\/\/rangarvellir.ru.is\/index.php?rest_route=\/wp\/v2\/pages\/755\/revisions"}],"predecessor-version":[{"id":757,"href":"https:\/\/rangarvellir.ru.is\/index.php?rest_route=\/wp\/v2\/pages\/755\/revisions\/757"}],"wp:attachment":[{"href":"https:\/\/rangarvellir.ru.is\/index.php?rest_route=%2Fwp%2Fv2%2Fmedia&parent=755"}],"curies":[{"name":"wp","href":"https:\/\/api.w.org\/{rel}","templated":true}]}}