{"id":7,"date":"2015-05-05T14:37:30","date_gmt":"2015-05-05T14:37:30","guid":{"rendered":"http:\/\/rangarvellir.ru.is\/?page_id=7"},"modified":"2015-05-27T17:46:47","modified_gmt":"2015-05-27T17:46:47","slug":"home","status":"publish","type":"page","link":"https:\/\/rangarvellir.ru.is\/","title":{"rendered":"Presentation of the metadatabase"},"content":{"rendered":"<form id=\"searchform\" action=\"?php bloginfo('url'); ?\" method=\"get\">\n<div style=\"text-align: right;\"><input class=\"text\" id=\"s\" type=\"text\" name=\"s\" value=\"\" \/><input class=\"submit button\" type=\"submit\" name=\"submit\" value=\"Search\" \/><\/div>\n<\/form>\n<p>&nbsp;<\/p>\n<p><strong>Acknowledgements\u00a0:<\/strong> This website has been created by the <a href=\"http:\/\/www.ru.is\/\">University of Reykjavik<\/a> and the <a href=\"http:\/\/www.land.is\/\">Soil Conservation Service of Iceland<\/a> during a Short-Term Scientific Mission of Alban de Lavenne (<a href=\"mailto:a.lavenne@gmail.com\">a.lavenne@gmail.com<\/a>) and was funded by a European COST Action ES1104 in May 2015. Supervision by David Finger (<a href=\"mailto:davidf@ru.is\">davidf@ru.is<\/a>) and J\u00f3hann \u00de\u00f3rsson (<a href=\"mailto:johann.thorsson@land.is\">johann.thorsson@land.is<\/a>).<\/p>\n<p><img decoding=\"async\" class=\"aligncenter\" alt=\"\" src=\"https:\/\/rangarvellir.ru.is\/wp-content\/uploads\/images\/logos.png\" width=\"90%\" height=\"500\" \/><\/p>\n<p><strong>Objective : <\/strong>The objective of this metadata-base is to provide an overview of data and information on land degradation and restoration projects in the Rang\u00e1rvellir area and illustrate their impact on the hydrological cycle. Geographically the project focuses on the watersheds of the rivers Eystri-Rang\u00e1 and Ytri-Rang\u00e1 and the Hekla forest (Hekluskogar). See the map below (full screen map <a title=\"Studied area\" href=\"https:\/\/rangarvellir.ru.is\/wp-content\/uploads\/leaflet\/hekluskogar_catchments_boundaries.html\">here<\/a>).<\/p>\n<p><iframe loading=\"lazy\" src=\"https:\/\/rangarvellir.ru.is\/wp-content\/uploads\/leaflet\/hekluskogar_catchments_boundaries.html\" height=\"400\" width=\"100%\"><\/iframe><\/p>\n","protected":false},"excerpt":{"rendered":"<p>&nbsp; Acknowledgements\u00a0: This website has been created by the University of Reykjavik and the Soil Conservation Service of Iceland during a Short-Term Scientific Mission of Alban de Lavenne (a.lavenne@gmail.com) and was funded by a European COST Action ES1104 in May 2015. Supervision by David Finger (davidf@ru.is) and J\u00f3hann \u00de\u00f3rsson (johann.thorsson@land.is). Objective : The objective of [&hellip;]<\/p>\n","protected":false},"author":1,"featured_media":0,"parent":0,"menu_order":0,"comment_status":"closed","ping_status":"closed","template":"page-templates\/full-width.php","meta":{"footnotes":""},"class_list":["post-7","page","type-page","status-publish","hentry"],"_links":{"self":[{"href":"https:\/\/rangarvellir.ru.is\/index.php?rest_route=\/wp\/v2\/pages\/7"}],"collection":[{"href":"https:\/\/rangarvellir.ru.is\/index.php?rest_route=\/wp\/v2\/pages"}],"about":[{"href":"https:\/\/rangarvellir.ru.is\/index.php?rest_route=\/wp\/v2\/types\/page"}],"author":[{"embeddable":true,"href":"https:\/\/rangarvellir.ru.is\/index.php?rest_route=\/wp\/v2\/users\/1"}],"replies":[{"embeddable":true,"href":"https:\/\/rangarvellir.ru.is\/index.php?rest_route=%2Fwp%2Fv2%2Fcomments&post=7"}],"version-history":[{"count":29,"href":"https:\/\/rangarvellir.ru.is\/index.php?rest_route=\/wp\/v2\/pages\/7\/revisions"}],"predecessor-version":[{"id":797,"href":"https:\/\/rangarvellir.ru.is\/index.php?rest_route=\/wp\/v2\/pages\/7\/revisions\/797"}],"wp:attachment":[{"href":"https:\/\/rangarvellir.ru.is\/index.php?rest_route=%2Fwp%2Fv2%2Fmedia&parent=7"}],"curies":[{"name":"wp","href":"https:\/\/api.w.org\/{rel}","templated":true}]}}