{"id":69,"date":"2015-05-05T15:31:31","date_gmt":"2015-05-05T15:31:31","guid":{"rendered":"http:\/\/rangarvellir.ru.is\/?page_id=69"},"modified":"2015-05-20T16:42:30","modified_gmt":"2015-05-20T16:42:30","slug":"discharge-data","status":"publish","type":"page","link":"https:\/\/rangarvellir.ru.is\/?page_id=69","title":{"rendered":"Discharge of Ytri-Rang\u00e1 catchment"},"content":{"rendered":"<p><strong><span style=\"text-decoration: underline;\">Vatnsh\u00e6\u00f0arm\u00e6lir:<\/span><\/strong><br \/>\n\u00cd Ytri-Rang\u00e1 var lesi\u00f0 af kvar\u00f0a (V59) tvisvar \u00ed viku \u00e1 t\u00edmabilinu 15. j\u00fal\u00ed 1950 til 31. desember 1954 og 1. jan\u00faar 1956 til 30. j\u00fan\u00ed 1956. Segja m\u00e1 a\u00f0 samfelldar m\u00e6lingar hafi \u00fev\u00ed ekki byrja\u00f0 fyrr en 1. j\u00fan\u00ed 1959, en \u00fe\u00e1 var aftur byrja\u00f0 a\u00f0 lesa af kvar\u00f0a, a\u00f0 \u00feessu sinni daglega. \u00deetta var gert til 11. september 1961 en \u00fe\u00e1 var s\u00edriti tekinn \u00ed notkun (V321). Fram a\u00f0 t\u00edma s\u00edrita var n\u00e1kv\u00e6mni s\u00e6mileg en eftir \u00fea\u00f0 \u00e1g\u00e6t. H\u00e6sta rennslisg\u00e6fa vatnsh\u00e6\u00f0in \u00e1 s\u00edritann var 304 cm 27. febr\u00faar 1968. \u00cdstruflanir vi\u00f0 m\u00e6linn eru skammvinnar, en vatnsh\u00e6\u00f0 \u00e1 \u00edstruflu\u00f0um t\u00edmabilum er svipu\u00f0 og vi\u00f0 h\u00e6stu fl\u00f3\u00f0 hvers \u00e1rs.<\/p>\n<p><img decoding=\"async\" class=\"aligncenter\" alt=\"\" src=\"https:\/\/rangarvellir.ru.is\/wp-content\/uploads\/data\/Meteorological_Office\/Statistical_Analysis\/Ytri-Stat-Description-2015.svg\" width=\"75%\" height=\"75%\" \/><\/p>\n<p><iframe loading=\"lazy\" src=\"https:\/\/rangarvellir.ru.is\/wp-content\/uploads\/dygraph\/Eystri-Ytri-Ranga-Discharge\/index.html\" height=\"500\" width=\"100%\"><\/iframe><br \/>\nFull screen plot : <a href=\"https:\/\/rangarvellir.ru.is\/wp-content\/uploads\/dygraph\/Eystri-Ytri-Ranga-Discharge\/index.html\">Ytri-Rang\u00e1 and Eystri-Rang\u00e1 discharge<\/a><\/p>\n<p>[table width=&#8221;100%&#8221; colwidth=&#8221;30%|70%&#8221;]<br \/>\n<strong>METADATA LANGUAGE<\/strong>, English<br \/>\n<strong>DATA MAKER<\/strong>, Icelandic Meteorological Office ~~ <a title=\"http:\/\/en.vedur.is\" href=\"http:\/\/en.vedur.is\">http:\/\/en.vedur.is<\/a><br \/>\n<strong>AVAILABLE PERIODS<\/strong>, 1961-2014<br \/>\n<strong>TEMPORAL RESOLUTION<\/strong>, Daily time step<br \/>\n<strong>ABSTRACT<\/strong>, Daily discharge estimations from the Icelandic Meteorological Office. Time series are corrected data (ice and faulty meters) spanning the time period of 1961-2014. The meter in Ytri was relocated in 1985 by 20 m but still in the same pool near \u00c1rb\u00e6jarfoss waterfall (63.863538\u00b0 \/ -20.339740\u00b0). New rating curves (3\\, 4\\, and 5) are used since spring 2015.~~ ~~<br \/>\nHourly time steps\\, water levels and rating curves might be available for customers.<br \/>\n<strong>LEGAL CONSTRAINTS<\/strong>, &#8230;<br \/>\n<strong>REFERENCES<\/strong>, <a href=\"https:\/\/rangarvellir.ru.is\/wp-content\/uploads\/data\/Meteorological_Office\/Statistical_Analysis\/VI_2009_001_tt.pdf\">VI_2009_001_tt.pdf<\/a><br \/>\n<strong>CONTACT<\/strong>, Nj\u00e1ll Fannar Reynisson (Icelandic Meteorological Office) ~~ njallfr@vedur.is ~~ ~~ Gunnar Sigur\u00f0sson (Icelandic Meteorological Office) ~~ gs@vedur.is<br \/>\n<strong>DOWNLOAD<\/strong>, Not available<br \/>\n[\/table]<\/p>\n","protected":false},"excerpt":{"rendered":"<p>Vatnsh\u00e6\u00f0arm\u00e6lir: \u00cd Ytri-Rang\u00e1 var lesi\u00f0 af kvar\u00f0a (V59) tvisvar \u00ed viku \u00e1 t\u00edmabilinu 15. j\u00fal\u00ed 1950 til 31. desember 1954 og 1. jan\u00faar 1956 til 30. j\u00fan\u00ed 1956. Segja m\u00e1 a\u00f0 samfelldar m\u00e6lingar hafi \u00fev\u00ed ekki byrja\u00f0 fyrr en 1. j\u00fan\u00ed 1959, en \u00fe\u00e1 var aftur byrja\u00f0 a\u00f0 lesa af kvar\u00f0a, a\u00f0 \u00feessu sinni daglega. [&hellip;]<\/p>\n","protected":false},"author":1,"featured_media":0,"parent":0,"menu_order":0,"comment_status":"closed","ping_status":"closed","template":"page-templates\/full-width.php","meta":{"footnotes":""},"class_list":["post-69","page","type-page","status-publish","hentry"],"_links":{"self":[{"href":"https:\/\/rangarvellir.ru.is\/index.php?rest_route=\/wp\/v2\/pages\/69"}],"collection":[{"href":"https:\/\/rangarvellir.ru.is\/index.php?rest_route=\/wp\/v2\/pages"}],"about":[{"href":"https:\/\/rangarvellir.ru.is\/index.php?rest_route=\/wp\/v2\/types\/page"}],"author":[{"embeddable":true,"href":"https:\/\/rangarvellir.ru.is\/index.php?rest_route=\/wp\/v2\/users\/1"}],"replies":[{"embeddable":true,"href":"https:\/\/rangarvellir.ru.is\/index.php?rest_route=%2Fwp%2Fv2%2Fcomments&post=69"}],"version-history":[{"count":60,"href":"https:\/\/rangarvellir.ru.is\/index.php?rest_route=\/wp\/v2\/pages\/69\/revisions"}],"predecessor-version":[{"id":482,"href":"https:\/\/rangarvellir.ru.is\/index.php?rest_route=\/wp\/v2\/pages\/69\/revisions\/482"}],"wp:attachment":[{"href":"https:\/\/rangarvellir.ru.is\/index.php?rest_route=%2Fwp%2Fv2%2Fmedia&parent=69"}],"curies":[{"name":"wp","href":"https:\/\/api.w.org\/{rel}","templated":true}]}}