{"id":586,"date":"2015-05-22T16:35:36","date_gmt":"2015-05-22T16:35:36","guid":{"rendered":"http:\/\/rangarvellir.ru.is\/?page_id=586"},"modified":"2015-05-29T11:17:12","modified_gmt":"2015-05-29T11:17:12","slug":"wind","status":"publish","type":"page","link":"https:\/\/rangarvellir.ru.is\/?page_id=586","title":{"rendered":"Wind"},"content":{"rendered":"<p style=\"text-align: center;\"><span style=\"text-decoration: underline;\">Principal meteorological stations available:<\/span><br \/>\n<iframe loading=\"lazy\" src=\"https:\/\/rangarvellir.ru.is\/wp-content\/uploads\/leaflet\/meteo_stations.html\" height=\"400\" width=\"100%\"><\/iframe><\/p>\n<p>[table width=&#8221;100%&#8221; colwidth=&#8221;30%|70%&#8221;]<br \/>\n<strong>METADATA LANGUAGE<\/strong>, English<br \/>\n<strong>DATA MAKER<\/strong>, Icelandic Meteorological Office ~~ <a title=\"http:\/\/en.vedur.is\" href=\"http:\/\/en.vedur.is\">http:\/\/en.vedur.is<\/a><br \/>\n<strong>AVAILABLE PERIODS<\/strong>, &#8230;<br \/>\n<strong>TEMPORAL RESOLUTION<\/strong>, Daily time step<br \/>\n<strong>ABSTRACT<\/strong>, Here will be presented the raw measurements of wind. ~~ Today\\, still waiting for data from the Icelandic Meteorological Office.<br \/>\n<strong>LEGAL CONSTRAINTS<\/strong>, &#8230;<br \/>\n<strong>REFERENCES<\/strong>, Meteorological stations in Su\u00f0urland region: <a href=\"http:\/\/www.vedur.is\/vedur\/athuganir\/kort\/sudurland\/\">http:\/\/www.vedur.is\/vedur\/athuganir\/kort\/sudurland\/<\/a> ~~<br \/>\n<a href=\"http:\/\/www.vedur.is\/vedur\/stodvar\/?sid=6420\">\u00c1rnes station<\/a> ~~<br \/>\n<a href=\"http:\/\/www.vedur.is\/vedur\/stodvar\/?s=hella\">Hella station<\/a> ~~<br \/>\n<a href=\"http:\/\/www.vedur.is\/vedur\/stodvar\/?s=bfell\">B\u00farfell station<\/a> ~~<br \/>\n<a href=\"http:\/\/www.vedur.is\/vedur\/stodvar\/?s=morla\">M\u00f6rk \u00e1 Landi station<\/a> ~~<br \/>\n<a href=\"http:\/\/www.vedur.is\/vedur\/stodvar\/?s=vfell\">Vatnsfell station<\/a> ~~<br \/>\n<a href=\"http:\/\/www.vedur.is\/vedur\/stodvar\/?s=tindf\">Tindfj\u00f6ll station<\/a> ~~<br \/>\n<a href=\"http:\/\/www.vedur.is\/vedur\/stodvar\/?s=samst\">S\u00e1mssta\u00f0ir station<\/a><br \/>\n<strong>CONTACT<\/strong>, Gu\u00f0r\u00fan \u00de\u00f3runn G\u00edslad\u00f3ttir (Icelandic Meteorological Office) ~~ gudrun@vedur.is ~~ ~~ \u00de\u00f3ranna P\u00e1lsd\u00f3ttir (Icelandic Meteorological Office) ~~ toranna@vedur.is<br \/>\n<strong>DOWNLOAD<\/strong>, <a href=\"https:\/\/rangarvellir.ru.is\/wp-content\/uploads\/data\/Meteorological_Office\/Rainfall\/??.txt\">??.txt<\/a><br \/>\n[\/table]<\/p>\n","protected":false},"excerpt":{"rendered":"<p>Principal meteorological stations available: [table width=&#8221;100%&#8221; colwidth=&#8221;30%|70%&#8221;] METADATA LANGUAGE, English DATA MAKER, Icelandic Meteorological Office ~~ http:\/\/en.vedur.is AVAILABLE PERIODS, &#8230; TEMPORAL RESOLUTION, Daily time step ABSTRACT, Here will be presented the raw measurements of wind. ~~ Today\\, still waiting for data from the Icelandic Meteorological Office. LEGAL CONSTRAINTS, &#8230; REFERENCES, Meteorological stations in Su\u00f0urland region: [&hellip;]<\/p>\n","protected":false},"author":1,"featured_media":0,"parent":0,"menu_order":0,"comment_status":"closed","ping_status":"open","template":"page-templates\/full-width.php","meta":{"footnotes":""},"class_list":["post-586","page","type-page","status-publish","hentry"],"_links":{"self":[{"href":"https:\/\/rangarvellir.ru.is\/index.php?rest_route=\/wp\/v2\/pages\/586"}],"collection":[{"href":"https:\/\/rangarvellir.ru.is\/index.php?rest_route=\/wp\/v2\/pages"}],"about":[{"href":"https:\/\/rangarvellir.ru.is\/index.php?rest_route=\/wp\/v2\/types\/page"}],"author":[{"embeddable":true,"href":"https:\/\/rangarvellir.ru.is\/index.php?rest_route=\/wp\/v2\/users\/1"}],"replies":[{"embeddable":true,"href":"https:\/\/rangarvellir.ru.is\/index.php?rest_route=%2Fwp%2Fv2%2Fcomments&post=586"}],"version-history":[{"count":4,"href":"https:\/\/rangarvellir.ru.is\/index.php?rest_route=\/wp\/v2\/pages\/586\/revisions"}],"predecessor-version":[{"id":887,"href":"https:\/\/rangarvellir.ru.is\/index.php?rest_route=\/wp\/v2\/pages\/586\/revisions\/887"}],"wp:attachment":[{"href":"https:\/\/rangarvellir.ru.is\/index.php?rest_route=%2Fwp%2Fv2%2Fmedia&parent=586"}],"curies":[{"name":"wp","href":"https:\/\/api.w.org\/{rel}","templated":true}]}}