{"id":392,"date":"2015-05-19T13:36:41","date_gmt":"2015-05-19T13:36:41","guid":{"rendered":"http:\/\/rangarvellir.ru.is\/?page_id=392"},"modified":"2015-05-19T14:28:24","modified_gmt":"2015-05-19T14:28:24","slug":"maximum-annual-floods-of-ytri-ranga-catchment","status":"publish","type":"page","link":"https:\/\/rangarvellir.ru.is\/?page_id=392","title":{"rendered":"Maximum annual floods of Ytri-Rang\u00e1 catchment"},"content":{"rendered":"<p><span style=\"text-decoration: underline;\"><strong>Fl\u00f3\u00f0 Ytri-Rang\u00e1r:<\/strong><\/span><br \/>\nYtri-Rang\u00e1 er lind\u00e1. Helstu fl\u00f3\u00f0 \u00e1rinnar ver\u00f0a \u00e1 veturna (jan\u00faar-mars). \u00deessu veldur frost \u00ed jar\u00f0veginum svo allt vatn rennur \u00fat \u00ed \u00e1rfarveginn, sem annars myndi hripa ni\u00f0ur \u00ed hraunin. Eftirfarandi l\u00fdsingu um fl\u00f3\u00f0i\u00f0 1968 er a\u00f0 finna \u00ed rennslissk\u00fdrslum Vatnam\u00e6linga: &#8220;<em>&#8230;Allt yfirbor\u00f0svatn, sem komi\u00f0 hefur ni\u00f0ur me\u00f0 S\u00f6lvahraunshorni hefur lent \u00ed Ytri-Rang\u00e1 \u00ed Rang\u00e1rbornum. Fr\u00e1 okt 1968 beinir inntaksst\u00edfla B\u00farfellsvirkjunar \u00feessu rennsli til \u00dej\u00f3rs\u00e1r. Vetrarfl\u00f3\u00f0 Ytri-Rang\u00e1r munu minnka af \u00feessum s\u00f6kum&#8230;<\/em>\u201c H\u00e6sta rennslism\u00e6ling \u00e1 lykli er 150 m\u00b3\/s sem var ger\u00f0 14. apr\u00edl 1962 vi\u00f0 vatnsh\u00e6\u00f0 218 cm.<\/p>\n<p><img decoding=\"async\" class=\"aligncenter\" alt=\"\" src=\"https:\/\/rangarvellir.ru.is\/wp-content\/uploads\/data\/Meteorological_Office\/Statistical_Analysis\/Ytri-Max-Annual-Flood.svg\" width=\"75%\" height=\"75%\" \/><\/p>\n<p><img decoding=\"async\" class=\"aligncenter\" alt=\"\" src=\"https:\/\/rangarvellir.ru.is\/wp-content\/uploads\/data\/Meteorological_Office\/Statistical_Analysis\/Ytri-Stat-Description.svg\" width=\"75%\" height=\"75%\" \/><\/p>\n<p>[table width=&#8221;100%&#8221; colwidth=&#8221;30%|70%&#8221;]<br \/>\n<strong>METADATA LANGUAGE<\/strong>, English\/Icelandic<br \/>\n<strong>DATA MAKER<\/strong>, Icelandic Meteorological Office ~~ <a title=\"http:\/\/en.vedur.is\" href=\"http:\/\/en.vedur.is\">http:\/\/en.vedur.is<\/a><br \/>\n<strong>DOCUMENT<\/strong> <strong>TITLE<\/strong>, Fl\u00f3\u00f0 \u00edslenskra vatnsfalla \u2013 fl\u00f3\u00f0agreining rennslisra\u00f0a<br \/>\n<strong>DATE<\/strong>, 2009<br \/>\n<strong>CONTACTS<\/strong>, Hilmar Bj\u00f6rn Hr\u00f3\u00f0marsson (Icelandic Meteorological Office) ~~ hbh@vedur.is ~~ ~~<br \/>\nNj\u00e1ll Fannar Reynisson (Icelandic Meteorological Office) ~~ njallfr@vedur.is ~~ ~~<br \/>\n\u00d3lafur Freyr G\u00edslason (Icelandic Meteorological Office) ~~ olafurg@vedur.is<br \/>\n<strong>SOURCE<\/strong>, <a href=\"https:\/\/gegnir.is\/F\/M4GXLBPBU81TG9X3F9CHBRYRHSNDQ7SR2462AC4FB5DCQ6R9KX-08497?func=full-set-set&amp;set_number=034744&amp;set_entry=000002&amp;format=999\">http:\/\/gegnir.is<\/a> ~~<br \/>\n<a title=\"www.vedur.is\" href=\"http:\/\/www.vedur.is\/media\/vedurstofan\/utgafa\/skyrslur\/2009\/VI_2009_001_tt.pdf\">www.vedur.is<\/a><br \/>\n<strong>DOWNLOAD<\/strong>, <a href=\"https:\/\/rangarvellir.ru.is\/wp-content\/uploads\/data\/Meteorological_Office\/Statistical_Analysis\/VI_2009_001_tt.pdf\">VI_2009_001_tt.pdf<\/a><br \/>\n[\/table]<\/p>\n","protected":false},"excerpt":{"rendered":"<p>Fl\u00f3\u00f0 Ytri-Rang\u00e1r: Ytri-Rang\u00e1 er lind\u00e1. Helstu fl\u00f3\u00f0 \u00e1rinnar ver\u00f0a \u00e1 veturna (jan\u00faar-mars). \u00deessu veldur frost \u00ed jar\u00f0veginum svo allt vatn rennur \u00fat \u00ed \u00e1rfarveginn, sem annars myndi hripa ni\u00f0ur \u00ed hraunin. Eftirfarandi l\u00fdsingu um fl\u00f3\u00f0i\u00f0 1968 er a\u00f0 finna \u00ed rennslissk\u00fdrslum Vatnam\u00e6linga: &#8220;&#8230;Allt yfirbor\u00f0svatn, sem komi\u00f0 hefur ni\u00f0ur me\u00f0 S\u00f6lvahraunshorni hefur lent \u00ed Ytri-Rang\u00e1 \u00ed [&hellip;]<\/p>\n","protected":false},"author":1,"featured_media":0,"parent":0,"menu_order":0,"comment_status":"closed","ping_status":"open","template":"page-templates\/full-width.php","meta":{"footnotes":""},"class_list":["post-392","page","type-page","status-publish","hentry"],"_links":{"self":[{"href":"https:\/\/rangarvellir.ru.is\/index.php?rest_route=\/wp\/v2\/pages\/392"}],"collection":[{"href":"https:\/\/rangarvellir.ru.is\/index.php?rest_route=\/wp\/v2\/pages"}],"about":[{"href":"https:\/\/rangarvellir.ru.is\/index.php?rest_route=\/wp\/v2\/types\/page"}],"author":[{"embeddable":true,"href":"https:\/\/rangarvellir.ru.is\/index.php?rest_route=\/wp\/v2\/users\/1"}],"replies":[{"embeddable":true,"href":"https:\/\/rangarvellir.ru.is\/index.php?rest_route=%2Fwp%2Fv2%2Fcomments&post=392"}],"version-history":[{"count":4,"href":"https:\/\/rangarvellir.ru.is\/index.php?rest_route=\/wp\/v2\/pages\/392\/revisions"}],"predecessor-version":[{"id":406,"href":"https:\/\/rangarvellir.ru.is\/index.php?rest_route=\/wp\/v2\/pages\/392\/revisions\/406"}],"wp:attachment":[{"href":"https:\/\/rangarvellir.ru.is\/index.php?rest_route=%2Fwp%2Fv2%2Fmedia&parent=392"}],"curies":[{"name":"wp","href":"https:\/\/api.w.org\/{rel}","templated":true}]}}