{"id":249,"date":"2015-05-14T17:31:11","date_gmt":"2015-05-14T17:31:11","guid":{"rendered":"http:\/\/rangarvellir.ru.is\/?page_id=249"},"modified":"2015-05-22T13:54:08","modified_gmt":"2015-05-22T13:54:08","slug":"national-inventory-of-reclaimed-areas","status":"publish","type":"page","link":"https:\/\/rangarvellir.ru.is\/?page_id=249","title":{"rendered":"National Inventory of Reclaimed Areas"},"content":{"rendered":"<p><iframe loading=\"lazy\" src=\"https:\/\/rangarvellir.ru.is\/wp-content\/uploads\/leaflet\/NIRA_Hekluskogar.html\" height=\"400\" width=\"100%\"><\/iframe><\/p>\n<p>Full screen map : <a href=\"https:\/\/rangarvellir.ru.is\/wp-content\/uploads\/leaflet\/NIRA_Hekluskogar.html\">National Inventory of Reclaimed Areas<\/a><\/p>\n<p>[table width=&#8221;100%&#8221; colwidth=&#8221;30%|70%&#8221;]<br \/>\n<strong>METADATA LANGUAGE<\/strong>, Icelandic<br \/>\n<strong>DATA MAKER<\/strong>, Soil Conservation Service of Iceland ~~ <a href=\"http:\/\/www.land.is\">www.land.is<\/a><br \/>\n<strong>DATE OF CREATION<\/strong>, &#8230;<br \/>\n<strong>REPRESENTATION TYPE<\/strong>, Vector (SHP)<br \/>\n<strong>SPATIAL RESOLUTION<\/strong>, &#8230;<br \/>\n<strong>SPATIAL EXTENT<\/strong>, Heklusk\u00f3gar area<br \/>\n<strong>ABSTRACT<\/strong>, Monitoring data of all <a title=\"Land Reclamation Operations Database\" href=\"https:\/\/rangarvellir.ru.is\/?page_id=164\">Land Reclamation Operations Database<\/a> areas and some <a title=\"Farmers Heal the Land Reclamations Database\" href=\"https:\/\/rangarvellir.ru.is\/?page_id=168\">Farmer Heal the Land Reclamation Database<\/a> areas. Based on random 1x1km countrywide grid. Sampling occurs where National Inventory of Reclaimed Areas points intersect with <a title=\"Land Reclamation Operations Database\" href=\"https:\/\/rangarvellir.ru.is\/?page_id=164\">Land Reclamation Operations Database<\/a> or <a title=\"Farmers Heal the Land Reclamations Database\" href=\"https:\/\/rangarvellir.ru.is\/?page_id=168\">Farmer Heal the Land Reclamation Database<\/a> areas. Each point consists of a 10x10m plot\\, sampling occurs in five 50x50cm subplots. ~~ ~~<br \/>\nMain attributes: ~~ &#8211; date of sampling ~~ &#8211; total vegetation cover ~~ &#8211; vegetation species cover ~~ &#8211; number of vegetation species ~~ &#8211; soil bulk density ~~ &#8211; SOC and N at 0-5cm\\, 5-10cm\\, 10-20cm and 20-30cm.<br \/>\n<strong>LEGAL CONSTRAINTS<\/strong>, &#8230;<br \/>\n<strong>REFERENCES<\/strong>, &#8230;<br \/>\n<strong>CONTACT<\/strong>, J\u00f3hann \u00de\u00f3rsson (SCSI) ~~ johann.thorsson@land.is<br \/>\n<strong>DATA DESCRIPTION<\/strong>, <a href=\"https:\/\/rangarvellir.ru.is\/wp-content\/uploads\/GIS_layers\/SCSI\/Features_description\/NIRA_Fitjuskr\u00e1 fyrir kolefnisg\u00f6gn 121031.docx\">NIRA_Fitjuskr\u00e1 fyrir kolefnisg\u00f6gn 121031.docx<\/a><br \/>\n<strong>DOWNLOAD<\/strong>, <a href=\"https:\/\/rangarvellir.ru.is\/wp-content\/uploads\/GIS_layers\/SCSI\/NIRA_Hekluskogar.zip\">NIRA_Hekluskogar.zip<\/a><br \/>\n[\/table]<\/p>\n","protected":false},"excerpt":{"rendered":"<p>Full screen map : National Inventory of Reclaimed Areas [table width=&#8221;100%&#8221; colwidth=&#8221;30%|70%&#8221;] METADATA LANGUAGE, Icelandic DATA MAKER, Soil Conservation Service of Iceland ~~ www.land.is DATE OF CREATION, &#8230; REPRESENTATION TYPE, Vector (SHP) SPATIAL RESOLUTION, &#8230; SPATIAL EXTENT, Heklusk\u00f3gar area ABSTRACT, Monitoring data of all Land Reclamation Operations Database areas and some Farmer Heal the Land [&hellip;]<\/p>\n","protected":false},"author":1,"featured_media":0,"parent":0,"menu_order":0,"comment_status":"closed","ping_status":"closed","template":"page-templates\/full-width.php","meta":{"footnotes":""},"class_list":["post-249","page","type-page","status-publish","hentry"],"_links":{"self":[{"href":"https:\/\/rangarvellir.ru.is\/index.php?rest_route=\/wp\/v2\/pages\/249"}],"collection":[{"href":"https:\/\/rangarvellir.ru.is\/index.php?rest_route=\/wp\/v2\/pages"}],"about":[{"href":"https:\/\/rangarvellir.ru.is\/index.php?rest_route=\/wp\/v2\/types\/page"}],"author":[{"embeddable":true,"href":"https:\/\/rangarvellir.ru.is\/index.php?rest_route=\/wp\/v2\/users\/1"}],"replies":[{"embeddable":true,"href":"https:\/\/rangarvellir.ru.is\/index.php?rest_route=%2Fwp%2Fv2%2Fcomments&post=249"}],"version-history":[{"count":6,"href":"https:\/\/rangarvellir.ru.is\/index.php?rest_route=\/wp\/v2\/pages\/249\/revisions"}],"predecessor-version":[{"id":557,"href":"https:\/\/rangarvellir.ru.is\/index.php?rest_route=\/wp\/v2\/pages\/249\/revisions\/557"}],"wp:attachment":[{"href":"https:\/\/rangarvellir.ru.is\/index.php?rest_route=%2Fwp%2Fv2%2Fmedia&parent=249"}],"curies":[{"name":"wp","href":"https:\/\/api.w.org\/{rel}","templated":true}]}}