{"id":226,"date":"2015-05-13T19:55:17","date_gmt":"2015-05-13T19:55:17","guid":{"rendered":"http:\/\/rangarvellir.ru.is\/?page_id=226"},"modified":"2015-05-26T11:57:19","modified_gmt":"2015-05-26T11:57:19","slug":"insects-and-birds-monitoring","status":"publish","type":"page","link":"https:\/\/rangarvellir.ru.is\/?page_id=226","title":{"rendered":"Insects and birds monitoring"},"content":{"rendered":"<p><iframe loading=\"lazy\" src=\"https:\/\/rangarvellir.ru.is\/wp-content\/uploads\/leaflet\/birds_insects.html\" height=\"400\" width=\"100%\"><\/iframe><\/p>\n<p>Full screen map : <a href=\"https:\/\/rangarvellir.ru.is\/wp-content\/uploads\/leaflet\/birds_insects.html\">Birds and insects monitoring<\/a><\/p>\n<p>[table width=&#8221;100%&#8221; colwidth=&#8221;30%|70%&#8221;]<br \/>\n<strong>METADATA LANGUAGE<\/strong>, Icelandic<br \/>\n<strong>DATA MAKER<\/strong>, H\u00e1sk\u00f3li \u00cdslands\/University of Iceland ~~ <a href=\"www.sud.hi.is\">www.sud.hi.is<\/a> ~~ ~~<br \/>\nHeklaforest ~~ <a href=\"http:\/\/hekluskogar.is\/\">http:\/\/hekluskogar.is\/<\/a><br \/>\n<strong>DATE OF CREATION<\/strong>, 2013<br \/>\n<strong>REPRESENTATION TYPE<\/strong>, Vector (SHP)<br \/>\n<strong>SPATIAL EXTENT<\/strong>, Hekluskogar area<br \/>\n<strong>ABSTRACT<\/strong>, &#8230;<br \/>\n<strong>REFERENCES<\/strong>, Animal diversity around Mt Hekla: Roles of land degradation and succession ~~<br \/>\nHei\u00f0a Gehringer. MSc Thesis. 2013. ~~<br \/>\n<a href=\"http:\/\/hdl.handle.net\/1946\/15502\">http:\/\/hdl.handle.net\/1946\/15502<\/a><br \/>\n<strong>CONTACT<\/strong>, Hei\u00f0a Gehringer ~~ ~~<br \/>\nHreinn \u00d3skarsson (Hekluskogar\/Heklaforest) ~~ hreinn@hekluskogar.is ~~ ~~<br \/>\nT\u00f3mas Gr\u00e9tar Gunnarsson (H\u00e1sk\u00f3li \u00cdslands\/University of Iceland) ~~ tomas@hi.is<br \/>\n<strong>DOWNLOAD<\/strong>, <a href=\"https:\/\/rangarvellir.ru.is\/wp-content\/uploads\/GIS_layers\/HI\/Bird-Insect.zip\">Bird-Insect.zip<\/a><br \/>\n[\/table]<\/p>\n","protected":false},"excerpt":{"rendered":"<p>Full screen map : Birds and insects monitoring [table width=&#8221;100%&#8221; colwidth=&#8221;30%|70%&#8221;] METADATA LANGUAGE, Icelandic DATA MAKER, H\u00e1sk\u00f3li \u00cdslands\/University of Iceland ~~ www.sud.hi.is ~~ ~~ Heklaforest ~~ http:\/\/hekluskogar.is\/ DATE OF CREATION, 2013 REPRESENTATION TYPE, Vector (SHP) SPATIAL EXTENT, Hekluskogar area ABSTRACT, &#8230; REFERENCES, Animal diversity around Mt Hekla: Roles of land degradation and succession ~~ Hei\u00f0a [&hellip;]<\/p>\n","protected":false},"author":1,"featured_media":0,"parent":0,"menu_order":0,"comment_status":"closed","ping_status":"open","template":"page-templates\/full-width.php","meta":{"footnotes":""},"class_list":["post-226","page","type-page","status-publish","hentry"],"_links":{"self":[{"href":"https:\/\/rangarvellir.ru.is\/index.php?rest_route=\/wp\/v2\/pages\/226"}],"collection":[{"href":"https:\/\/rangarvellir.ru.is\/index.php?rest_route=\/wp\/v2\/pages"}],"about":[{"href":"https:\/\/rangarvellir.ru.is\/index.php?rest_route=\/wp\/v2\/types\/page"}],"author":[{"embeddable":true,"href":"https:\/\/rangarvellir.ru.is\/index.php?rest_route=\/wp\/v2\/users\/1"}],"replies":[{"embeddable":true,"href":"https:\/\/rangarvellir.ru.is\/index.php?rest_route=%2Fwp%2Fv2%2Fcomments&post=226"}],"version-history":[{"count":14,"href":"https:\/\/rangarvellir.ru.is\/index.php?rest_route=\/wp\/v2\/pages\/226\/revisions"}],"predecessor-version":[{"id":720,"href":"https:\/\/rangarvellir.ru.is\/index.php?rest_route=\/wp\/v2\/pages\/226\/revisions\/720"}],"wp:attachment":[{"href":"https:\/\/rangarvellir.ru.is\/index.php?rest_route=%2Fwp%2Fv2%2Fmedia&parent=226"}],"curies":[{"name":"wp","href":"https:\/\/api.w.org\/{rel}","templated":true}]}}