{"id":198,"date":"2015-05-13T14:28:31","date_gmt":"2015-05-13T14:28:31","guid":{"rendered":"http:\/\/rangarvellir.ru.is\/?page_id=198"},"modified":"2015-05-21T17:14:53","modified_gmt":"2015-05-21T17:14:53","slug":"soil-database-of-iceland","status":"publish","type":"page","link":"https:\/\/rangarvellir.ru.is\/?page_id=198","title":{"rendered":"Soils of Iceland"},"content":{"rendered":"<p><img decoding=\"async\" class=\"aligncenter\" alt=\"\" src=\"https:\/\/rangarvellir.ru.is\/wp-content\/uploads\/data\/Soil\/Soil_map_Jardvegskort.jpg\" width=\"90%\" height=\"500\" \/><br \/>\nFull screen web-mapping : <a href=\"https:\/\/rangarvellir.ru.is\/wp-content\/uploads\/leaflet\/soil_map_iceland.html\">Soil database of Iceland<\/a><\/p>\n<p>[table width=&#8221;100%&#8221; colwidth=&#8221;30%|70%&#8221;]<br \/>\n<strong>METADATA LANGUAGE<\/strong>, Icelandic\/English<br \/>\n<strong>DATA MAKER<\/strong>, Agricultural University of Iceland ~~ <a href=\"http:\/\/www.lbhi.is\/\">http:\/\/www.lbhi.is\/<\/a><br \/>\n<strong>DATE OF CREATION<\/strong>, 2001<br \/>\n<strong>REPRESENTATION TYPE<\/strong>, Vector (SHP) and Raster (IMG)<br \/>\n<strong>SPATIAL RESOLUTION<\/strong>, 1 : 250 000<br \/>\n<strong>SPATIAL EXTENT<\/strong>, All Iceland<br \/>\n<strong>ABSTRACT<\/strong>, The Agricultural University of Iceland (Arnalds and Gr\u00e9tarsson\\, 2001) has compiled a soil map in the scale of 1:250\\,000. The aerial extent of major soil types is presented in the table below (from <a href=\"http:\/\/jardvegsstofa.lbhi.is\/lisalib\/getfile.aspx?itemid=1878\">Arnalds Olafur\\, 2008<\/a>). ~~ ~~<br \/>\n<img decoding=\"async\" class=\"aligncenter\" alt=\"\" src=\"https:\/\/rangarvellir.ru.is\/wp-content\/uploads\/data\/Soil\/Tab1-Jokull.png\" width=\"95%\" height=\"500\" \/><br \/>\n<strong>REFERENCES<\/strong>, <a href=\"http:\/\/dx.doi.org\/10.1007\/978-94-017-9621-7\">The Soils of Iceland<\/a>~~Arnalds\\, Olafur ~~ World Soils Book Series. Springer Netherlands. 2015~~ ~~<br \/>\n<a href=\"http:\/\/jardvegsstofa.lbhi.is\/lisalib\/getfile.aspx?itemid=1878\">Soils of Iceland<\/a>~~Arnalds\\, Olafur ~~J\u00f6kull &#8211; The Icelandic Journal of Earth Sciences 58:409-421\\, 2008~~ ~~<\/p>\n<p>Islenskt jar\u00f0vegskort (A soil map of Iceland). ~~<br \/>\nArnalds O\\, Oskarsson H (2009)~~<br \/>\nN\u00e1tt\u00farufr\u00e6\u00f0ingurinn 78:107-121 (in Icelandic\\, English summary\\, table and figure legends) ~~ ~~<\/p>\n<p>Leir \u00ed \u00edslenskum jar\u00f0vegi (Clays of Icelandic soils). ~~<br \/>\nArnalds O (1994) ~~<br \/>\nN\u00e1tt\u00farufr\u00e6\u00f0ingurinn 63:73-85 (in Icelandic\\, extended English summary). ~~ ~~<\/p>\n<p>Volcanic soils of Iceland. ~~<br \/>\nArnalds O (2004) ~~<br \/>\nCatena 56:3\u201310 ~~ ~~<\/p>\n<p>Andisols from four different regions of Iceland. ~~<br \/>\nArnalds O\\, Hallmark CT\\, Wilding LP ~~<br \/>\nSoil Science Society of America Journal 59:161\u2013169. 1995 ~~ ~~<\/p>\n<p>Kulferli\\, frost og mold (Cryoturbation\\, frost and soil). Agricultural University of Iceland ~~<br \/>\nArnalds O ~~<br \/>\nPublication No. 26 (in Icelandic).\u00a0 2010. ~~ ~~<\/p>\n<p>Andisols of deserts in Iceland. ~~<br \/>\nArnalds O\\, Kimble J~~<br \/>\nSoil Sci Soc Am J 65:1778\u20131786. 2001<br \/>\n<strong>CONTACT<\/strong>, Olafur Arnalds (Agricultural University of Iceland) ~~ oa@lbhi.is ~~ <a href=\"http:\/\/www.moldin.net\/\">http:\/\/www.moldin.net\/<\/a> ~~ ~~<br \/>\nFanney \u00d3sk G\u00edslad\u00f3ttir (Agricultural University of Iceland) ~~ fanney@lbhi.is<br \/>\n<strong>DOWNLOAD<\/strong>, <a href=\"https:\/\/rangarvellir.ru.is\/wp-content\/uploads\/GIS_layers\/LBHI\/Soil_Map_SHP.zip\">Soil_Map_SHP.zip<\/a> ~~<br \/>\n<a href=\"https:\/\/rangarvellir.ru.is\/wp-content\/uploads\/GIS_layers\/LBHI\/Soil_Map_RASTER.zip\">Soil_Map_RASTER.zip<\/a><br \/>\n[\/table]<\/p>\n","protected":false},"excerpt":{"rendered":"<p>Full screen web-mapping : Soil database of Iceland [table width=&#8221;100%&#8221; colwidth=&#8221;30%|70%&#8221;] METADATA LANGUAGE, Icelandic\/English DATA MAKER, Agricultural University of Iceland ~~ http:\/\/www.lbhi.is\/ DATE OF CREATION, 2001 REPRESENTATION TYPE, Vector (SHP) and Raster (IMG) SPATIAL RESOLUTION, 1 : 250 000 SPATIAL EXTENT, All Iceland ABSTRACT, The Agricultural University of Iceland (Arnalds and Gr\u00e9tarsson\\, 2001) has compiled [&hellip;]<\/p>\n","protected":false},"author":1,"featured_media":0,"parent":0,"menu_order":0,"comment_status":"closed","ping_status":"closed","template":"page-templates\/full-width.php","meta":{"footnotes":""},"class_list":["post-198","page","type-page","status-publish","hentry"],"_links":{"self":[{"href":"https:\/\/rangarvellir.ru.is\/index.php?rest_route=\/wp\/v2\/pages\/198"}],"collection":[{"href":"https:\/\/rangarvellir.ru.is\/index.php?rest_route=\/wp\/v2\/pages"}],"about":[{"href":"https:\/\/rangarvellir.ru.is\/index.php?rest_route=\/wp\/v2\/types\/page"}],"author":[{"embeddable":true,"href":"https:\/\/rangarvellir.ru.is\/index.php?rest_route=\/wp\/v2\/users\/1"}],"replies":[{"embeddable":true,"href":"https:\/\/rangarvellir.ru.is\/index.php?rest_route=%2Fwp%2Fv2%2Fcomments&post=198"}],"version-history":[{"count":34,"href":"https:\/\/rangarvellir.ru.is\/index.php?rest_route=\/wp\/v2\/pages\/198\/revisions"}],"predecessor-version":[{"id":462,"href":"https:\/\/rangarvellir.ru.is\/index.php?rest_route=\/wp\/v2\/pages\/198\/revisions\/462"}],"wp:attachment":[{"href":"https:\/\/rangarvellir.ru.is\/index.php?rest_route=%2Fwp%2Fv2%2Fmedia&parent=198"}],"curies":[{"name":"wp","href":"https:\/\/api.w.org\/{rel}","templated":true}]}}