{"id":185,"date":"2015-05-13T14:24:08","date_gmt":"2015-05-13T14:24:08","guid":{"rendered":"http:\/\/rangarvellir.ru.is\/?page_id=185"},"modified":"2015-05-27T18:59:33","modified_gmt":"2015-05-27T18:59:33","slug":"hekluskogar-database-on-birch-planting","status":"publish","type":"page","link":"https:\/\/rangarvellir.ru.is\/?page_id=185","title":{"rendered":"Birch planting"},"content":{"rendered":"<p><iframe loading=\"lazy\" src=\"https:\/\/rangarvellir.ru.is\/wp-content\/uploads\/leaflet\/Birch_plantation.html\" height=\"400\" width=\"100%\"><\/iframe><\/p>\n<p>Full screen map : <a href=\"https:\/\/rangarvellir.ru.is\/wp-content\/uploads\/leaflet\/Birch_plantation.html\">Hekluskogar database on birch planting<\/a><\/p>\n<p>[table width=&#8221;100%&#8221; colwidth=&#8221;30%|70%&#8221;]<br \/>\n<strong>METADATA LANGUAGE<\/strong>, Icelandic<br \/>\n<strong>DATA MAKER<\/strong>, Heklaforest ~~ <a href=\"http:\/\/hekluskogar.is\/\">http:\/\/hekluskogar.is\/<\/a><br \/>\n<strong>DATE OF CREATION<\/strong>, 2006-2014<br \/>\n<strong>REPRESENTATION TYPE<\/strong>, Vector (SHP)<br \/>\n<strong>SPATIAL EXTENT<\/strong>, Heklusk\u00f3gar area<br \/>\n<strong>ABSTRACT<\/strong>, The database contains information on planting of birch (Betula pubensces) and Rowan (Sorbus aucoparia) from year 2006-2014. ~~ ~~<br \/>\nThe main attributes are: ~~<br \/>\nHeildarsv\u00e6\u00f0i (landshluti) = Part of the country ~~<br \/>\nSveitarf\u00e9lag = Municipality ~~<br \/>\nHeiti jar\u00f0ar = name of the local area ~~<br \/>\nGagnaeigand = owner of data ~~<br \/>\nYfirtegund 1 = Main species1 ~~<br \/>\nTegund 1 =          Treespecies ~~<br \/>\nKv\u00e6mi 1 = origin of seeds       ~~<br \/>\nMagn 1 = nr of seedlings1 ~~<br \/>\nBakkager\u00f0 1       = type of seedling tray ~~<br \/>\nPl\u00f6ntualdur 1 = seedling age (1\/0 means one year old seedlings) ~~<br \/>\nFr\u00e6n\u00famer 1 =   Seed number ~~<br \/>\n\u00c1r gr\u00f3\u00f0ursetningar 1 = year of planting1 ~~<br \/>\n\u00c1rst\u00edmi 1              = time of year (spring \/ autumn)<br \/>\n<strong>REFERENCES<\/strong>, <a href=\"http:\/\/hekluskogar.is\/\">http:\/\/hekluskogar.is\/<\/a> ~~ ~~<br \/>\n<a href=\"http:\/\/hekluskogar.is\/the-mt-hekla-afforestation-project\/\"> The Mt. Hekla afforestation project<\/a><br \/>\n<strong>CONTACT<\/strong>, Hreinn \u00d3skarsson (Hekluskogar \/ Icelandic Forest Service) ~~ hreinn@hekluskogar.is<br \/>\n<strong>GIS LAYER<\/strong>, <a href=\"https:\/\/rangarvellir.ru.is\/wp-content\/uploads\/GIS_layers\/IFS\/grodursett_2006-2014.zip\">grodursett_2006-2014.zip<\/a><br \/>\n[\/table]<\/p>\n","protected":false},"excerpt":{"rendered":"<p>Full screen map : Hekluskogar database on birch planting [table width=&#8221;100%&#8221; colwidth=&#8221;30%|70%&#8221;] METADATA LANGUAGE, Icelandic DATA MAKER, Heklaforest ~~ http:\/\/hekluskogar.is\/ DATE OF CREATION, 2006-2014 REPRESENTATION TYPE, Vector (SHP) SPATIAL EXTENT, Heklusk\u00f3gar area ABSTRACT, The database contains information on planting of birch (Betula pubensces) and Rowan (Sorbus aucoparia) from year 2006-2014. ~~ ~~ The main attributes [&hellip;]<\/p>\n","protected":false},"author":1,"featured_media":0,"parent":0,"menu_order":0,"comment_status":"closed","ping_status":"closed","template":"page-templates\/full-width.php","meta":{"footnotes":""},"class_list":["post-185","page","type-page","status-publish","hentry"],"_links":{"self":[{"href":"https:\/\/rangarvellir.ru.is\/index.php?rest_route=\/wp\/v2\/pages\/185"}],"collection":[{"href":"https:\/\/rangarvellir.ru.is\/index.php?rest_route=\/wp\/v2\/pages"}],"about":[{"href":"https:\/\/rangarvellir.ru.is\/index.php?rest_route=\/wp\/v2\/types\/page"}],"author":[{"embeddable":true,"href":"https:\/\/rangarvellir.ru.is\/index.php?rest_route=\/wp\/v2\/users\/1"}],"replies":[{"embeddable":true,"href":"https:\/\/rangarvellir.ru.is\/index.php?rest_route=%2Fwp%2Fv2%2Fcomments&post=185"}],"version-history":[{"count":16,"href":"https:\/\/rangarvellir.ru.is\/index.php?rest_route=\/wp\/v2\/pages\/185\/revisions"}],"predecessor-version":[{"id":889,"href":"https:\/\/rangarvellir.ru.is\/index.php?rest_route=\/wp\/v2\/pages\/185\/revisions\/889"}],"wp:attachment":[{"href":"https:\/\/rangarvellir.ru.is\/index.php?rest_route=%2Fwp%2Fv2%2Fmedia&parent=185"}],"curies":[{"name":"wp","href":"https:\/\/api.w.org\/{rel}","templated":true}]}}