{"id":171,"date":"2015-05-13T11:07:18","date_gmt":"2015-05-13T11:07:18","guid":{"rendered":"http:\/\/rangarvellir.ru.is\/?page_id=171"},"modified":"2015-05-22T13:52:47","modified_gmt":"2015-05-22T13:52:47","slug":"reclamation-area-mapping-ram","status":"publish","type":"page","link":"https:\/\/rangarvellir.ru.is\/?page_id=171","title":{"rendered":"Reclamation Area Mapping"},"content":{"rendered":"<p><iframe loading=\"lazy\" src=\"https:\/\/rangarvellir.ru.is\/wp-content\/uploads\/leaflet\/RAM_Hekluskogar.html\" height=\"400\" width=\"100%\"><\/iframe><\/p>\n<p>Full screen map : <a href=\"https:\/\/rangarvellir.ru.is\/wp-content\/uploads\/leaflet\/RAM_Hekluskogar.html\">Reclamation Area Mapping<\/a><\/p>\n<p>[table width=&#8221;100%&#8221; colwidth=&#8221;30%|70%&#8221;]<br \/>\n<strong>METADATA LANGUAGE<\/strong>, Icelandic<br \/>\n<strong>DATA MAKER<\/strong>, Soil Conservation Service of Iceland ~~ <a href=\"http:\/\/www.land.is\">www.land.is<\/a><br \/>\n<strong>DATE OF CREATION<\/strong>, &#8230;<br \/>\n<strong>REPRESENTATION TYPE<\/strong>, Vector (SHP)<br \/>\n<strong>SPATIAL RESOLUTION<\/strong>, &#8230;<br \/>\n<strong>SPATIAL EXTENT<\/strong>, Heklusk\u00f3gar area<br \/>\n<strong>ABSTRACT<\/strong>, Mapping of selected <a title=\"Land Reclamation Operations Database\" href=\"https:\/\/rangarvellir.ru.is\/?page_id=164\">Land Reclamation Operations Database<\/a> areas prior to onset of land reclamation operations. May be repeated to evaluate success of the operation.<br \/>\n<strong>LEGAL CONSTRAINTS<\/strong>, &#8230;<br \/>\n<strong>REFERENCES<\/strong>, &#8230;<br \/>\n<strong>CONTACT<\/strong>, J\u00f3hann \u00de\u00f3rsson (SCSI) ~~ johann.thorsson@land.is<br \/>\n<strong>DATA DESCRIPTION,<\/strong> <a href=\"https:\/\/rangarvellir.ru.is\/wp-content\/uploads\/GIS_layers\/SCSI\/Features_description\/RAM_kortllykill_2006_05_med_gildum_enska.doc\">RAM_kortllykill_2006_05_med_gildum_enska.doc<\/a> ~~ <a href=\"https:\/\/rangarvellir.ru.is\/wp-content\/uploads\/GIS_layers\/SCSI\/Features_description\/RAM_Lr_kortlagning_1_1utg_17042013.docx\">RAM_Lr_kortlagning_1_1utg_17042013.docx<\/a><br \/>\n<strong>DOWNLOAD<\/strong>, <a href=\"https:\/\/rangarvellir.ru.is\/wp-content\/uploads\/GIS_layers\/SCSI\/RAM_Hekluskogar.zip\">RAM_Hekluskogar.zip<\/a><br \/>\n[\/table]<\/p>\n","protected":false},"excerpt":{"rendered":"<p>Full screen map : Reclamation Area Mapping [table width=&#8221;100%&#8221; colwidth=&#8221;30%|70%&#8221;] METADATA LANGUAGE, Icelandic DATA MAKER, Soil Conservation Service of Iceland ~~ www.land.is DATE OF CREATION, &#8230; REPRESENTATION TYPE, Vector (SHP) SPATIAL RESOLUTION, &#8230; SPATIAL EXTENT, Heklusk\u00f3gar area ABSTRACT, Mapping of selected Land Reclamation Operations Database areas prior to onset of land reclamation operations. May be [&hellip;]<\/p>\n","protected":false},"author":1,"featured_media":0,"parent":0,"menu_order":0,"comment_status":"closed","ping_status":"closed","template":"page-templates\/full-width.php","meta":{"footnotes":""},"class_list":["post-171","page","type-page","status-publish","hentry"],"_links":{"self":[{"href":"https:\/\/rangarvellir.ru.is\/index.php?rest_route=\/wp\/v2\/pages\/171"}],"collection":[{"href":"https:\/\/rangarvellir.ru.is\/index.php?rest_route=\/wp\/v2\/pages"}],"about":[{"href":"https:\/\/rangarvellir.ru.is\/index.php?rest_route=\/wp\/v2\/types\/page"}],"author":[{"embeddable":true,"href":"https:\/\/rangarvellir.ru.is\/index.php?rest_route=\/wp\/v2\/users\/1"}],"replies":[{"embeddable":true,"href":"https:\/\/rangarvellir.ru.is\/index.php?rest_route=%2Fwp%2Fv2%2Fcomments&post=171"}],"version-history":[{"count":13,"href":"https:\/\/rangarvellir.ru.is\/index.php?rest_route=\/wp\/v2\/pages\/171\/revisions"}],"predecessor-version":[{"id":556,"href":"https:\/\/rangarvellir.ru.is\/index.php?rest_route=\/wp\/v2\/pages\/171\/revisions\/556"}],"wp:attachment":[{"href":"https:\/\/rangarvellir.ru.is\/index.php?rest_route=%2Fwp%2Fv2%2Fmedia&parent=171"}],"curies":[{"name":"wp","href":"https:\/\/api.w.org\/{rel}","templated":true}]}}